{"id":385,"date":"2023-01-21T07:57:21","date_gmt":"2023-01-21T07:57:21","guid":{"rendered":"https:\/\/mytravel.express\/?page_id=385"},"modified":"2023-03-17T19:05:15","modified_gmt":"2023-03-17T19:05:15","slug":"uber","status":"publish","type":"page","link":"https:\/\/mytravel.express\/de\/despre\/","title":{"rendered":"\u00dcber mich"},"content":{"rendered":"<p>[et_pb_section fb_built=&#8221;1&#8243; admin_label=&#8221;section&#8221; _builder_version=&#8221;4.20.0&#8243; background_image=&#8221;https:\/\/mytravel.express\/wp-content\/uploads\/2023\/02\/mte-about-cover.webp&#8221; custom_padding=&#8221;164px||||false|false&#8221; custom_css_main_element=&#8221;display:flex;&#8221; global_colors_info=&#8221;{}&#8221;][et_pb_row admin_label=&#8221;row&#8221; _builder_version=&#8221;4.20.0&#8243; background_color=&#8221;#fff0d8&#8243; background_size=&#8221;initial&#8221; background_position=&#8221;top_left&#8221; background_repeat=&#8221;repeat&#8221; custom_padding=&#8221;32px|32px|32px|32px|false|false&#8221; border_radii=&#8221;on|10px|10px|10px|10px&#8221; box_shadow_style=&#8221;preset1&#8243; box_shadow_color=&#8221;rgba(40,23,0,0.85)&#8221; global_colors_info=&#8221;{}&#8221;][et_pb_column type=&#8221;4_4&#8243; _builder_version=&#8221;4.16&#8243; custom_padding=&#8221;|||&#8221; global_colors_info=&#8221;{}&#8221; custom_padding__hover=&#8221;|||&#8221;][et_pb_text admin_label=&#8221;Text&#8221; _builder_version=&#8221;4.20.0&#8243; header_font=&#8221;|||on|||||&#8221; header_3_font=&#8221;|||on|||||&#8221; header_3_text_color=&#8221;#000000&#8243; background_size=&#8221;initial&#8221; background_position=&#8221;top_left&#8221; background_repeat=&#8221;repeat&#8221; custom_padding=&#8221;4px|4px|4px|4px|false|false&#8221; global_colors_info=&#8221;{}&#8221;]<\/p>\n<h1>Despre mine<\/h1>\n<p>Eu sunt Dan Alexandroaie. M-am n\u0103scut \u00een anul 1968.<\/p>\n<p>&nbsp;<\/p>\n<p>Sunt un \u00eemp\u0103timit al c\u0103l\u0103toriilor \u0219i iubesc drume\u021biile. Dragostea pentru mi\u0219care mi-au cultivat-o p\u0103rin\u021bii \u0219i dasc\u0103lii din \u0219coal\u0103. Am b\u0103tut multe coclauri. La \u00eenceput am vizitat exclusiv Rom\u00e2nia, apoi, c\u00e2nd grani\u021bele s-au deschis, am putut ajunge \u0219i prin locuri mai \u00eendep\u0103rtate, unele situate chiar pe alte continente.<\/p>\n<p>&nbsp;<\/p>\n<p>\u00cen drume\u021biile montane am \u00eenv\u0103\u021bat reguli despre protejarea naturii \u0219i \u00eendr\u0103girea tuturor formelor de via\u021b\u0103. Respect muntele \u0219i natura \u0219i v\u0103 \u00eendemn pe to\u021bi s\u0103 o facem. Am \u00eenv\u0103\u021bat s\u0103 citesc harta cu detaliile ei utile care fac diferen\u021ba. O c\u0103l\u0103torie \/ drume\u021bie nu se concep f\u0103r\u0103 hart\u0103. <\/p>\n<p>&nbsp;<\/p>\n<p>Am acumulat permanent \u00een c\u0103l\u0103toriile mele, am \u00eencercat s\u0103 \u00een\u021beleg am\u0103nuntele, care compun totul, cum tic\u0103ie lumea, cum g\u00e2ndesc oameni diferi\u021bi \u0219i consider c\u0103 a\u0219a m-am \u00eembog\u0103\u021bit. Pentru c\u0103 am apreciat c\u00e2t de pre\u021bioas\u0103 este informarea, documentarea, am \u00een\u021beles c\u0103 este bine s\u0103 \u00eentorc experien\u021bele mele celor care le vor aprecia&#8230;<\/p>\n<p>&nbsp;<\/p>\n<p>[\/et_pb_text][et_pb_image src=&#8221;https:\/\/mytravel.express\/wp-content\/uploads\/2023\/02\/mte-about-profile.webp&#8221; title_text=&#8221;mte-about-profile&#8221; show_bottom_space=&#8221;off&#8221; _builder_version=&#8221;4.20.0&#8243; _module_preset=&#8221;default&#8221; custom_margin=&#8221;16px||16px||false|false&#8221; border_radii=&#8221;on|10px|10px|10px|10px&#8221; global_colors_info=&#8221;{}&#8221;][\/et_pb_image][et_pb_text admin_label=&#8221;Text&#8221; _builder_version=&#8221;4.20.0&#8243; header_3_font=&#8221;|||on|||||&#8221; header_3_text_color=&#8221;#000000&#8243; background_size=&#8221;initial&#8221; background_position=&#8221;top_left&#8221; background_repeat=&#8221;repeat&#8221; custom_padding=&#8221;4px|4px|4px|4px|false|false&#8221; global_colors_info=&#8221;{}&#8221;]<\/p>\n<p>&nbsp;<\/p>\n<p>&nbsp;<\/p>\n<p>&nbsp;<\/p>\n<p>DESPRE MYTRAVEL.EXPRESS<\/p>\n<p>&nbsp;<\/p>\n<p>&#8230;. \u0218i a\u0219a ajungem la website.\u00a0<\/p>\n<p>&nbsp;<\/p>\n<p>MYTRAVEL.EXPRESS este menit s\u0103 prezinte destina\u021bii turistice de tot felul cu descrierea obiectivelor turistice din zon\u0103, a traseelor, \u00een cazul drume\u021biilor destul de am\u0103nun\u021bit, pres\u0103r\u00e2nd articolele cu ponturi, sfaturi utile \u0219i detalii din experien\u021ba tr\u0103it\u0103 de mine \u00een acele locuri, iar toate aceste pove\u0219ti adev\u0103rate con\u021bin 100% impresiile mele.<\/p>\n<p>&nbsp;<\/p>\n<p>Pe website voi descrie locuri vizitate de mine personal, nu voi scrie articole despre locuri unde nu am ajuns. Nu ve\u021bi g\u0103si copy \/ paste-uri din alte articole de pe net. Eu completez informa\u021biile culese \u00een faza de informare cu cele g\u0103site la fa\u021ba locului \u0219i cu tr\u0103irile mele din turele respective. Acolo unde consider util, voi insera link-uri c\u0103tre alte articole proprii sau c\u0103tre alte surse de informare.<\/p>\n<p>&nbsp;<\/p>\n<p>Acest blog de c\u0103l\u0103torii este structurat pe ghiduri, drume\u021bii \u0219i obiective turistice, interne \u0219i externe. O func\u021bie de c\u0103utare \/ search va permite c\u0103utarea unei destina\u021bii dup\u0103 cuvinte cheie.<\/p>\n<p>&nbsp;<\/p>\n<p>Mi-ar pl\u0103cea ca turi\u0219ti din toat\u0103 lumea s\u0103 ajung\u0103 s\u0103 citeasc\u0103 impresiile mele \u0219i s\u0103 c\u0103l\u0103toreasc\u0103 cu mine.<\/p>\n<p>&nbsp;<\/p>\n<p>Apela\u021bi la MYTRAVEL.EXPRESS, ghidul expres al c\u0103l\u0103toriilor tale! Numai bine!<\/p>\n<p>&nbsp;<\/p>\n<p>[\/et_pb_text][\/et_pb_column][\/et_pb_row][\/et_pb_section]<\/p>\n","protected":false},"excerpt":{"rendered":"<p>Despre mine Eu sunt Dan Alexandroaie. M-am n\u0103scut \u00een anul 1968. &nbsp; Sunt un \u00eemp\u0103timit al c\u0103l\u0103toriilor \u0219i iubesc drume\u021biile. Dragostea pentru mi\u0219care mi-au cultivat-o p\u0103rin\u021bii \u0219i dasc\u0103lii din \u0219coal\u0103. Am b\u0103tut multe coclauri. La \u00eenceput am vizitat exclusiv Rom\u00e2nia, apoi, c\u00e2nd grani\u021bele s-au deschis, am putut ajunge \u0219i prin locuri mai \u00eendep\u0103rtate, unele situate [&hellip;]<\/p>\n","protected":false},"author":1,"featured_media":0,"parent":0,"menu_order":0,"comment_status":"closed","ping_status":"closed","template":"","meta":{"_et_pb_use_builder":"on","_et_pb_old_content":"<!-- wp:paragraph -->\n<p>This is an example page. It's different from a blog post because it will stay in one place and will show up in your site navigation (in most themes). Most people start with an About page that introduces them to potential site visitors. It might say something like this:<\/p>\n<!-- \/wp:paragraph -->\n\n<!-- wp:quote -->\n<blockquote class=\"wp-block-quote\"><p>Hi there! I'm a bike messenger by day, aspiring actor by night, and this is my website. I live in Los Angeles, have a great dog named Jack, and I like pi&#241;a coladas. (And gettin' caught in the rain.)<\/p><\/blockquote>\n<!-- \/wp:quote -->\n\n<!-- wp:paragraph -->\n<p>...or something like this:<\/p>\n<!-- \/wp:paragraph -->\n\n<!-- wp:quote -->\n<blockquote class=\"wp-block-quote\"><p>The XYZ Doohickey Company was founded in 1971, and has been providing quality doohickeys to the public ever since. Located in Gotham City, XYZ employs over 2,000 people and does all kinds of awesome things for the Gotham community.<\/p><\/blockquote>\n<!-- \/wp:quote -->\n\n<!-- wp:paragraph -->\n<p>As a new WordPress user, you should go to <a href=\"https:\/\/mytravel.express\/wp-admin\/\">your dashboard<\/a> to delete this page and create new pages for your content. Have fun!<\/p>\n<!-- \/wp:paragraph -->","_et_gb_content_width":"","footnotes":""},"class_list":["post-385","page","type-page","status-publish","hentry"],"acf":[],"_links":{"self":[{"href":"https:\/\/mytravel.express\/de\/wp-json\/wp\/v2\/pages\/385","targetHints":{"allow":["GET"]}}],"collection":[{"href":"https:\/\/mytravel.express\/de\/wp-json\/wp\/v2\/pages"}],"about":[{"href":"https:\/\/mytravel.express\/de\/wp-json\/wp\/v2\/types\/page"}],"author":[{"embeddable":true,"href":"https:\/\/mytravel.express\/de\/wp-json\/wp\/v2\/users\/1"}],"replies":[{"embeddable":true,"href":"https:\/\/mytravel.express\/de\/wp-json\/wp\/v2\/comments?post=385"}],"version-history":[{"count":14,"href":"https:\/\/mytravel.express\/de\/wp-json\/wp\/v2\/pages\/385\/revisions"}],"predecessor-version":[{"id":7859,"href":"https:\/\/mytravel.express\/de\/wp-json\/wp\/v2\/pages\/385\/revisions\/7859"}],"wp:attachment":[{"href":"https:\/\/mytravel.express\/de\/wp-json\/wp\/v2\/media?parent=385"}],"curies":[{"name":"wp","href":"https:\/\/api.w.org\/{rel}","templated":true}]}}